{"id":3686,"date":"2023-09-28T12:17:01","date_gmt":"2023-09-28T10:17:01","guid":{"rendered":"https:\/\/coopbox.com\/mission-e-vision\/"},"modified":"2025-08-18T11:25:06","modified_gmt":"2025-08-18T09:25:06","slug":"mission-e-vision","status":"publish","type":"page","link":"https:\/\/coopbox.com\/sk\/mission-e-vision\/","title":{"rendered":"Mission e Vision"},"content":{"rendered":"\t\t<div data-elementor-type=\"wp-page\" data-elementor-id=\"3686\" class=\"elementor elementor-3686 elementor-211\" data-elementor-post-type=\"page\">\n\t\t\t\t<div class=\"elementor-element elementor-element-0342cf0 e-flex e-con-boxed e-con e-parent\" data-id=\"0342cf0\" data-element_type=\"container\" data-settings=\"{&quot;background_background&quot;:&quot;classic&quot;}\">\n\t\t\t\t\t<div class=\"e-con-inner\">\n\t\t<div class=\"elementor-element elementor-element-01aa28a e-con-full e-flex e-con e-child\" data-id=\"01aa28a\" data-element_type=\"container\">\n\t\t<div class=\"elementor-element elementor-element-703e78e e-con-full e-flex e-con e-child\" data-id=\"703e78e\" data-element_type=\"container\" data-settings=\"{&quot;background_background&quot;:&quot;classic&quot;,&quot;motion_fx_motion_fx_scrolling&quot;:&quot;yes&quot;,&quot;motion_fx_translateX_effect&quot;:&quot;yes&quot;,&quot;motion_fx_devices&quot;:[&quot;desktop&quot;],&quot;motion_fx_translateX_speed&quot;:{&quot;unit&quot;:&quot;px&quot;,&quot;size&quot;:4,&quot;sizes&quot;:[]},&quot;motion_fx_translateX_affectedRange&quot;:{&quot;unit&quot;:&quot;%&quot;,&quot;size&quot;:&quot;&quot;,&quot;sizes&quot;:{&quot;start&quot;:0,&quot;end&quot;:100}}}\">\n\t\t<div class=\"elementor-element elementor-element-5cce225 e-con-full e-flex e-con e-child\" data-id=\"5cce225\" data-element_type=\"container\">\n\t\t\t\t<div class=\"elementor-element elementor-element-1eb1e86 elementor-widget elementor-widget-heading\" data-id=\"1eb1e86\" data-element_type=\"widget\" data-widget_type=\"heading.default\">\n\t\t\t\t<div class=\"elementor-widget-container\">\n\t\t\t\t\t<h2 class=\"elementor-heading-title elementor-size-default\">Vision<\/h2>\t\t\t\t<\/div>\n\t\t\t\t<\/div>\n\t\t\t\t<div class=\"elementor-element elementor-element-b68039e elementor-widget elementor-widget-text-editor\" data-id=\"b68039e\" data-element_type=\"widget\" data-widget_type=\"text-editor.default\">\n\t\t\t\t<div class=\"elementor-widget-container\">\n\t\t\t\t\t\t\t\t\t<p><span style=\"font-weight: 400;\">Prispejte k zn&iacute;\u017eeniu dopadu na \u017eivotn&eacute; prostredie.<\/span><\/p>\t\t\t\t\t\t\t\t<\/div>\n\t\t\t\t<\/div>\n\t\t\t\t<\/div>\n\t\t\t\t<\/div>\n\t\t\t\t<\/div>\n\t\t<div class=\"elementor-element elementor-element-c4e9dad e-con-full e-flex e-con e-child\" data-id=\"c4e9dad\" data-element_type=\"container\">\n\t\t<div class=\"elementor-element elementor-element-b12fa18 e-con-full e-flex e-con e-child\" data-id=\"b12fa18\" data-element_type=\"container\" data-settings=\"{&quot;background_background&quot;:&quot;classic&quot;,&quot;motion_fx_motion_fx_scrolling&quot;:&quot;yes&quot;,&quot;motion_fx_translateX_effect&quot;:&quot;yes&quot;,&quot;motion_fx_translateX_direction&quot;:&quot;negative&quot;,&quot;motion_fx_devices&quot;:[&quot;desktop&quot;],&quot;motion_fx_translateX_speed&quot;:{&quot;unit&quot;:&quot;px&quot;,&quot;size&quot;:4,&quot;sizes&quot;:[]},&quot;motion_fx_translateX_affectedRange&quot;:{&quot;unit&quot;:&quot;%&quot;,&quot;size&quot;:&quot;&quot;,&quot;sizes&quot;:{&quot;start&quot;:0,&quot;end&quot;:100}}}\">\n\t\t<div class=\"elementor-element elementor-element-c635356 e-con-full e-flex e-con e-child\" data-id=\"c635356\" data-element_type=\"container\">\n\t\t\t\t<div class=\"elementor-element elementor-element-9bf191d elementor-widget elementor-widget-heading\" data-id=\"9bf191d\" data-element_type=\"widget\" data-widget_type=\"heading.default\">\n\t\t\t\t<div class=\"elementor-widget-container\">\n\t\t\t\t\t<h2 class=\"elementor-heading-title elementor-size-default\">Mission<\/h2>\t\t\t\t<\/div>\n\t\t\t\t<\/div>\n\t\t\t\t<div class=\"elementor-element elementor-element-15cf2c9 elementor-widget elementor-widget-text-editor\" data-id=\"15cf2c9\" data-element_type=\"widget\" data-widget_type=\"text-editor.default\">\n\t\t\t\t<div class=\"elementor-widget-container\">\n\t\t\t\t\t\t\t\t\t<p><span style=\"font-weight: 400;\">Vyr&aacute;ba\u0165 obaly na potraviny, ktor&eacute; s&uacute; \u010doraz viac udr\u017eate\u013en&eacute;, recyklovate\u013en&eacute;, obehov&eacute; a inovat&iacute;vne.<\/span><\/p>\t\t\t\t\t\t\t\t<\/div>\n\t\t\t\t<\/div>\n\t\t\t\t<\/div>\n\t\t\t\t<\/div>\n\t\t\t\t<\/div>\n\t\t\t\t\t<\/div>\n\t\t\t\t<\/div>\n\t\t<div class=\"elementor-element elementor-element-205e135 e-flex e-con-boxed e-con e-parent\" data-id=\"205e135\" data-element_type=\"container\" data-settings=\"{&quot;background_background&quot;:&quot;gradient&quot;,&quot;sticky&quot;:&quot;bottom&quot;,&quot;sticky_on&quot;:[&quot;desktop&quot;,&quot;tablet&quot;,&quot;mobile&quot;],&quot;sticky_offset&quot;:0,&quot;sticky_effects_offset&quot;:0,&quot;sticky_anchor_link_offset&quot;:0}\">\n\t\t\t\t\t<div class=\"e-con-inner\">\n\t\t<div class=\"elementor-element elementor-element-fecf2b9 e-con-full e-flex e-con e-child\" data-id=\"fecf2b9\" data-element_type=\"container\">\n\t\t<div class=\"elementor-element elementor-element-df03fa0 e-con-full e-flex e-con e-child\" data-id=\"df03fa0\" data-element_type=\"container\">\n\t\t\t\t<div class=\"elementor-element elementor-element-512c298 elementor-widget elementor-widget-text-editor\" data-id=\"512c298\" data-element_type=\"widget\" data-widget_type=\"text-editor.default\">\n\t\t\t\t<div class=\"elementor-widget-container\">\n\t\t\t\t\t\t\t\t\t<p><span style=\"font-weight: 400;\">Na&scaron;ou &uacute;lohou je <\/span><em><strong>NAVRHOVA\u0164<\/strong><span style=\"font-weight: 400;\"><strong> OBALY<\/strong><\/span><\/em><span style=\"font-weight: 400;\">, ktor&eacute; dok&aacute;\u017eu dlh&scaron;iu dobu <strong>uchova\u0165<\/strong> &nbsp;<\/span><span style=\"font-weight: 400;\"><strong>organoleptick&eacute; vlastnosti potrav&iacute;n <\/strong><\/span><span style=\"font-weight: 400;\">a umo\u017enia LEP&Scaron;IU<\/span><em><span style=\"font-weight: 400;\"><strong> KONZERV&Aacute;CIU V&Yacute;ROBKU<\/strong><\/span><\/em><span style=\"font-weight: 400;\">, \u010d&iacute;m akt&iacute;vne prispievaj&uacute; k <\/span><em><span style=\"font-weight: 400;\"><strong>ZNI\u017dOVANIU PLYTVANIA POTRAVINAMI<\/strong><\/span><\/em><span style=\"font-weight: 400;\">.<\/span><\/p>\t\t\t\t\t\t\t\t<\/div>\n\t\t\t\t<\/div>\n\t\t\t\t<\/div>\n\t\t\t\t<div class=\"elementor-element elementor-element-f93d375 elementor-widget-divider--view-line elementor-widget elementor-widget-divider\" data-id=\"f93d375\" data-element_type=\"widget\" data-widget_type=\"divider.default\">\n\t\t\t\t<div class=\"elementor-widget-container\">\n\t\t\t\t\t\t\t<div class=\"elementor-divider\">\n\t\t\t<span class=\"elementor-divider-separator\">\n\t\t\t\t\t\t<\/span>\n\t\t<\/div>\n\t\t\t\t\t\t<\/div>\n\t\t\t\t<\/div>\n\t\t<div class=\"elementor-element elementor-element-435929b e-con-full e-flex e-con e-child\" data-id=\"435929b\" data-element_type=\"container\">\n\t\t\t\t<div class=\"elementor-element elementor-element-52bde13 elementor-widget elementor-widget-text-editor\" data-id=\"52bde13\" data-element_type=\"widget\" data-widget_type=\"text-editor.default\">\n\t\t\t\t<div class=\"elementor-widget-container\">\n\t\t\t\t\t\t\t\t\t<p><span style=\"font-weight: 400;\">Pracujeme na <\/span><em><span style=\"font-weight: 400;\"><strong>ZN&Iacute;\u017dEN&Iacute; DOPADU SUROV&Iacute;N NA \u017dIVOTN&Eacute; PROSTREDIE<\/strong><\/span><\/em><span style=\"font-weight: 400;\">&nbsp;vyu\u017eit&iacute;m, ak je to mo\u017en&eacute;, <\/span><span style=\"font-weight: 400;\"><strong>druhotn&yacute;ch surov&iacute;n, optimaliz&aacute;cie v&yacute;robn&yacute;ch procesov, minimaliz&aacute;cie odpadu a zv&yacute;&scaron;enia podielu elektrickej energie z obnovite\u013en&yacute;ch zdrojov.<\/strong><\/span><\/p>\t\t\t\t\t\t\t\t<\/div>\n\t\t\t\t<\/div>\n\t\t\t\t<\/div>\n\t\t\t\t<div class=\"elementor-element elementor-element-9f3d1be elementor-widget-divider--view-line elementor-widget elementor-widget-divider\" data-id=\"9f3d1be\" data-element_type=\"widget\" data-widget_type=\"divider.default\">\n\t\t\t\t<div class=\"elementor-widget-container\">\n\t\t\t\t\t\t\t<div class=\"elementor-divider\">\n\t\t\t<span class=\"elementor-divider-separator\">\n\t\t\t\t\t\t<\/span>\n\t\t<\/div>\n\t\t\t\t\t\t<\/div>\n\t\t\t\t<\/div>\n\t\t<div class=\"elementor-element elementor-element-f91775a e-con-full e-flex e-con e-child\" data-id=\"f91775a\" data-element_type=\"container\">\n\t\t\t\t<div class=\"elementor-element elementor-element-33caa47 elementor-widget elementor-widget-text-editor\" data-id=\"33caa47\" data-element_type=\"widget\" data-widget_type=\"text-editor.default\">\n\t\t\t\t<div class=\"elementor-widget-container\">\n\t\t\t\t\t\t\t\t\t<p><span style=\"font-weight: 400;\">Ale to nesta\u010d&iacute;. Podporujeme<strong> uvedomel&eacute; pou\u017e&iacute;vanie obalov <\/strong> s cie\u013eom <em><strong>REDUKOVA\u0164 NADBYTO\u010cN&Eacute; OBALY<\/strong><\/em> a vzdel&aacute;vame \u013eud&iacute; poskytovan&iacute;m v&scaron;etk&yacute;ch z&aacute;kladn&yacute;ch inform&aacute;ci&iacute; na<em><strong>PODPORU SPR&Aacute;VNEHO ZNE&Scaron;KOD\u0147OVANIA ODPADU<\/strong><\/em> <em><strong>a Z&Iacute;SKANIE KVALITNEJ DRUHOTNEJ SUROVINY. <\/strong><\/em><\/span><\/p>\t\t\t\t\t\t\t\t<\/div>\n\t\t\t\t<\/div>\n\t\t\t\t<\/div>\n\t\t\t\t<\/div>\n\t\t\t\t\t<\/div>\n\t\t\t\t<\/div>\n\t\t\t\t<\/div>\n\t\t","protected":false},"excerpt":{"rendered":"<p>Vision Prispejte k zn&iacute;\u017eeniu dopadu na \u017eivotn&eacute; prostredie. Mission Vyr&aacute;ba\u0165 obaly na potraviny, ktor&eacute; s&uacute; \u010doraz viac udr\u017eate\u013en&eacute;, recyklovate\u013en&eacute;, obehov&eacute; a inovat&iacute;vne. Na&scaron;ou &uacute;lohou je NAVRHOVA\u0164 OBALY, ktor&eacute; dok&aacute;\u017eu dlh&scaron;iu dobu uchova\u0165 &nbsp;organoleptick&eacute; vlastnosti potrav&iacute;n a umo\u017enia LEP&Scaron;IU KONZERV&Aacute;CIU V&Yacute;ROBKU, \u010d&iacute;m akt&iacute;vne prispievaj&uacute; k ZNI\u017dOVANIU PLYTVANIA POTRAVINAMI. Pracujeme na ZN&Iacute;\u017dEN&Iacute; DOPADU SUROV&Iacute;N NA \u017dIVOTN&Eacute; PROSTREDIE&nbsp;vyu\u017eit&iacute;m, [&hellip;]<\/p>\n","protected":false},"author":1,"featured_media":0,"parent":0,"menu_order":0,"comment_status":"closed","ping_status":"closed","template":"elementor_header_footer","meta":{"_acf_changed":false,"footnotes":""},"class_list":["post-3686","page","type-page","status-publish","hentry"],"acf":[],"aioseo_notices":[],"_links":{"self":[{"href":"https:\/\/coopbox.com\/sk\/wp-json\/wp\/v2\/pages\/3686","targetHints":{"allow":["GET"]}}],"collection":[{"href":"https:\/\/coopbox.com\/sk\/wp-json\/wp\/v2\/pages"}],"about":[{"href":"https:\/\/coopbox.com\/sk\/wp-json\/wp\/v2\/types\/page"}],"author":[{"embeddable":true,"href":"https:\/\/coopbox.com\/sk\/wp-json\/wp\/v2\/users\/1"}],"replies":[{"embeddable":true,"href":"https:\/\/coopbox.com\/sk\/wp-json\/wp\/v2\/comments?post=3686"}],"version-history":[{"count":1,"href":"https:\/\/coopbox.com\/sk\/wp-json\/wp\/v2\/pages\/3686\/revisions"}],"predecessor-version":[{"id":3687,"href":"https:\/\/coopbox.com\/sk\/wp-json\/wp\/v2\/pages\/3686\/revisions\/3687"}],"wp:attachment":[{"href":"https:\/\/coopbox.com\/sk\/wp-json\/wp\/v2\/media?parent=3686"}],"curies":[{"name":"wp","href":"https:\/\/api.w.org\/{rel}","templated":true}]}}