{"id":3640,"date":"2025-06-27T15:47:09","date_gmt":"2025-06-27T13:47:09","guid":{"rendered":"https:\/\/coopbox.com\/vyhlsenie-o-prstupnosti\/"},"modified":"2025-08-18T11:20:13","modified_gmt":"2025-08-18T09:20:13","slug":"vyhlsenie-o-prstupnosti","status":"publish","type":"page","link":"https:\/\/coopbox.com\/sk\/vyhlsenie-o-prstupnosti\/","title":{"rendered":"Vyhl&aacute;senie o pr&iacute;stupnosti"},"content":{"rendered":"\t\t<div data-elementor-type=\"wp-page\" data-elementor-id=\"3640\" class=\"elementor elementor-3640 elementor-2428\" data-elementor-post-type=\"page\">\n\t\t\t\t<div class=\"elementor-element elementor-element-580e7d9f e-flex e-con-boxed e-con e-parent\" data-id=\"580e7d9f\" data-element_type=\"container\" data-settings=\"{&quot;background_background&quot;:&quot;classic&quot;}\">\n\t\t\t\t\t<div class=\"e-con-inner\">\n\t\t<div class=\"elementor-element elementor-element-383ed0f2 e-con-full e-flex e-con e-child\" data-id=\"383ed0f2\" data-element_type=\"container\">\n\t\t\t\t<div class=\"elementor-element elementor-element-5d871d88 elementor-widget elementor-widget-heading\" data-id=\"5d871d88\" data-element_type=\"widget\" data-widget_type=\"heading.default\">\n\t\t\t\t<div class=\"elementor-widget-container\">\n\t\t\t\t\t<h2 class=\"elementor-heading-title elementor-size-default\">Vyhl&aacute;senie o pr&iacute;stupnosti<\/h2>\t\t\t\t<\/div>\n\t\t\t\t<\/div>\n\t\t\t\t<\/div>\n\t\t\t\t\t<\/div>\n\t\t\t\t<\/div>\n\t\t<div class=\"elementor-element elementor-element-e137af7 e-flex e-con-boxed e-con e-parent\" data-id=\"e137af7\" data-element_type=\"container\">\n\t\t\t\t\t<div class=\"e-con-inner\">\n\t\t<div class=\"elementor-element elementor-element-3752c0ad e-con-full e-flex e-con e-child\" data-id=\"3752c0ad\" data-element_type=\"container\" data-settings=\"{&quot;background_background&quot;:&quot;classic&quot;}\">\n\t\t\t\t<div class=\"elementor-element elementor-element-29ebd37a elementor-widget elementor-widget-heading\" data-id=\"29ebd37a\" data-element_type=\"widget\" data-widget_type=\"heading.default\">\n\t\t\t\t<div class=\"elementor-widget-container\">\n\t\t\t\t\t<h2 class=\"elementor-heading-title elementor-size-default\">Aktualizovan&eacute; 27. 6. 2025<\/h2>\t\t\t\t<\/div>\n\t\t\t\t<\/div>\n\t\t\t\t<\/div>\n\t\t\t\t\t<\/div>\n\t\t\t\t<\/div>\n\t\t<div class=\"elementor-element elementor-element-272e9a23 e-flex e-con-boxed e-con e-parent\" data-id=\"272e9a23\" data-element_type=\"container\">\n\t\t\t\t\t<div class=\"e-con-inner\">\n\t\t\t\t<div class=\"elementor-element elementor-element-2ff5f207 elementor-widget elementor-widget-text-editor\" data-id=\"2ff5f207\" data-element_type=\"widget\" data-widget_type=\"text-editor.default\">\n\t\t\t\t<div class=\"elementor-widget-container\">\n\t\t\t\t\t\t\t\t\t<p><span style=\"font-weight: 400;\">HAPPY S.R.L. sa zav&auml;zuje spr&iacute;stupni\u0165 svoje webov&eacute; s&iacute;dla v s&uacute;lade s vl&aacute;d.nar. \u010d. 106 z 10. augusta 2018, ktor&yacute;m sa transponovala smernica Eur&oacute;pskeho parlamentu a Rady (E&Uacute;) 2016\/2102<\/span><\/p><p>\u00a0<\/p><p><b>Zhoda<br \/><\/b><span style=\"font-weight: 400;\">T&aacute;to webov&aacute; str&aacute;nka \u010diasto\u010dne sp\u013a\u0148a po\u017eiadavky uveden&eacute; v pr&iacute;lohe A k norme UNI EN 301549:2018 (WCAG 2.1) a po\u017eiadavky uveden&eacute; v pr&iacute;lohe A k MV z 5. j&uacute;la 2005 (WCAG 2.0).<\/span><\/p><p>\u00a0<\/p><p><b>Obsah nie je pr&iacute;stupn&yacute;<br \/><\/b><span style=\"font-weight: 400;\">\u010ealej uveden&yacute; obsah nie je pr&iacute;stupn&yacute; z tohto\/t&yacute;chto d&ocirc;vodu\/d&ocirc;vodov:<\/span><\/p><p><span style=\"font-weight: 400;\">nedodr\u017eanie z&aacute;kona 4\/2004<\/span><\/p><ul><li style=\"font-weight: 400;\" aria-level=\"1\"><p><span style=\"font-weight: 400;\">Obr&aacute;zky s ch&yacute;baj&uacute;cim alebo nevysloven&yacute;m alternat&iacute;vnym textom<\/span><\/p><\/li><li style=\"font-weight: 400;\" aria-level=\"1\"><p><span style=\"font-weight: 400;\">Komplexn&eacute; obr&aacute;zky (grafy, mapy) nemaj&uacute; &uacute;pln&yacute; textov&yacute; opis<\/span><\/p><\/li><li style=\"font-weight: 400;\" aria-level=\"1\"><p><span style=\"font-weight: 400;\">Niektor&eacute; polo\u017eky nesp\u013a\u0148aj&uacute; po\u017eiadavky na farebn&yacute; kontrast<\/span><\/p><\/li><li style=\"font-weight: 400;\" aria-level=\"1\"><p><span style=\"font-weight: 400;\">Texty bez mo\u017enosti zmeny rozmerov a bez straty obsahu alebo funkci&iacute;.<\/span><\/p><\/li><li style=\"font-weight: 400;\" aria-level=\"1\"><p><span style=\"font-weight: 400;\">Odkazy nie s&uacute; opisn&eacute;<\/span><\/p><\/li><li style=\"font-weight: 400;\" aria-level=\"1\"><p><span style=\"font-weight: 400;\">N&aacute;zvy sa nepou\u017e&iacute;vaj&uacute; v logickej hierarchii (H1, H2, H3&#8230;)<\/span><\/p><\/li><li style=\"font-weight: 400;\" aria-level=\"1\"><p><span style=\"font-weight: 400;\">Ch&yacute;baj&uacute; niektor&eacute; s&eacute;mantick&eacute; znaky, \u010d&iacute; sa \u010diasto\u010dne obmedzuje prehliadanie prostredn&iacute;ctvom screen readera<\/span><\/p><\/li><\/ul><p><span style=\"font-weight: 400;\">Napriek &uacute;siliu spolo\u010dnosti HAPPY S.R.L m&ocirc;\u017eu existova\u0165 \u010fal&scaron;ie polo\u017eky, ktor&eacute; nie s&uacute; uveden&eacute; v tomto vyhl&aacute;sen&iacute;.<\/span><\/p><p>\u00a0<\/p><p><b>Vypracovanie vyhl&aacute;senia o pr&iacute;stupnosti<br \/><\/b><span style=\"font-weight: 400;\"> Vyhl&aacute;senie bolo vypracovan&eacute; na z&aacute;klade pos&uacute;denia v s&uacute;lade s po\u017eiadavkami smernice (E&Uacute;) 2016\/2012 prostredn&iacute;ctvom vlastn&eacute;ho pos&uacute;denia vykonan&eacute;ho spolo\u010dnos\u0165ou BitDesign srl za pomoci automatick&yacute;ch n&aacute;strojov<\/span><\/p><p>\u00a0<\/p><p><b>Sp&ocirc;sob zasielania ozn&aacute;men&iacute; a kontaktn&eacute; &uacute;daje poskytovate\u013ea&nbsp;<br \/><\/b><span style=\"font-weight: 400;\">Pr&iacute;pady nedodr\u017eania zhody po\u017eiadaviek pr&iacute;stupnosti oznamujte prostredn&iacute;ctvom e-mailu: <br \/><a href=\"mailto:info@gruppo-happy.it\">info@gruppo-happy.it<\/a><\/span>&nbsp;<span style=\"font-weight: 400;\">uveden&iacute;m:<\/span><\/p><ul><li style=\"font-weight: 400;\" aria-level=\"1\"><p><span style=\"font-weight: 400;\">url adresy webovej str&aacute;nky, ktor&aacute; je predmetom nahl&aacute;senia<\/span><\/p><\/li><li style=\"font-weight: 400;\" aria-level=\"1\"><p><span style=\"font-weight: 400;\">jasn&yacute; a stru\u010dn&yacute; opis zisten&eacute;ho probl&eacute;mu<\/span><\/p><\/li><\/ul><p><span style=\"font-weight: 400;\">&nbsp;<\/span><\/p><p><b>Sp&ocirc;sob zasielania podnetov agent&uacute;re AgID<br \/><\/b><span style=\"font-weight: 400;\">V pr&iacute;pade neuspokojivej odpovede alebo v pr&iacute;pade, \u017ee do tridsiatich dn&iacute; od nahl&aacute;senia alebo \u017eiadosti nedostanete odpove\u010f, m&ocirc;\u017eete poda\u0165 podnet prostredn&iacute;ctvom nasleduj&uacute;ceho odkazu: <\/span><a href=\"https:\/\/form.agid.gov.it\/form\/procedura-attuazione\/55b265ed-fe45-44f6-8c10-2708d1208742\"><span style=\"font-weight: 400;\">S\u0165a\u017enos\u0165 ombudsmanovi pre digit&aacute;lne pr&aacute;va<\/span><\/a><\/p>\t\t\t\t\t\t\t\t<\/div>\n\t\t\t\t<\/div>\n\t\t\t\t\t<\/div>\n\t\t\t\t<\/div>\n\t\t\t\t<\/div>\n\t\t","protected":false},"excerpt":{"rendered":"<p>Vyhl&aacute;senie o pr&iacute;stupnosti Aktualizovan&eacute; 27. 6. 2025 HAPPY S.R.L. sa zav&auml;zuje spr&iacute;stupni\u0165 svoje webov&eacute; s&iacute;dla v s&uacute;lade s vl&aacute;d.nar. \u010d. 106 z 10. augusta 2018, ktor&yacute;m sa transponovala smernica Eur&oacute;pskeho parlamentu a Rady (E&Uacute;) 2016\/2102 \u00a0 ZhodaT&aacute;to webov&aacute; str&aacute;nka \u010diasto\u010dne sp\u013a\u0148a po\u017eiadavky uveden&eacute; v pr&iacute;lohe A k norme UNI EN 301549:2018 (WCAG 2.1) a po\u017eiadavky [&hellip;]<\/p>\n","protected":false},"author":1,"featured_media":0,"parent":0,"menu_order":0,"comment_status":"closed","ping_status":"closed","template":"elementor_header_footer","meta":{"_acf_changed":false,"footnotes":""},"class_list":["post-3640","page","type-page","status-publish","hentry"],"acf":[],"aioseo_notices":[],"_links":{"self":[{"href":"https:\/\/coopbox.com\/sk\/wp-json\/wp\/v2\/pages\/3640","targetHints":{"allow":["GET"]}}],"collection":[{"href":"https:\/\/coopbox.com\/sk\/wp-json\/wp\/v2\/pages"}],"about":[{"href":"https:\/\/coopbox.com\/sk\/wp-json\/wp\/v2\/types\/page"}],"author":[{"embeddable":true,"href":"https:\/\/coopbox.com\/sk\/wp-json\/wp\/v2\/users\/1"}],"replies":[{"embeddable":true,"href":"https:\/\/coopbox.com\/sk\/wp-json\/wp\/v2\/comments?post=3640"}],"version-history":[{"count":3,"href":"https:\/\/coopbox.com\/sk\/wp-json\/wp\/v2\/pages\/3640\/revisions"}],"predecessor-version":[{"id":3643,"href":"https:\/\/coopbox.com\/sk\/wp-json\/wp\/v2\/pages\/3640\/revisions\/3643"}],"wp:attachment":[{"href":"https:\/\/coopbox.com\/sk\/wp-json\/wp\/v2\/media?parent=3640"}],"curies":[{"name":"wp","href":"https:\/\/api.w.org\/{rel}","templated":true}]}}